{"id":2771,"date":"2022-03-21T14:46:09","date_gmt":"2022-03-21T14:46:09","guid":{"rendered":"http:\/\/elencuentroec.com\/?page_id=2771"},"modified":"2022-03-21T20:21:51","modified_gmt":"2022-03-21T20:21:51","slug":"pauta-con-nosotros","status":"publish","type":"page","link":"https:\/\/elencuentroec.com\/index.php\/pauta-con-nosotros\/","title":{"rendered":"Pauta con Nosotros"},"content":{"rendered":"\t\t<div data-elementor-type=\"wp-page\" data-elementor-id=\"2771\" class=\"elementor elementor-2771\">\n\t\t\t\t\t\t\t\t\t<section class=\"elementor-section elementor-top-section elementor-element elementor-element-3f9ae1fb elementor-section-boxed elementor-section-height-default elementor-section-height-default\" data-id=\"3f9ae1fb\" data-element_type=\"section\">\n\t\t\t\t\t\t<div class=\"elementor-container elementor-column-gap-default\">\n\t\t\t\t\t<div class=\"elementor-column elementor-col-100 elementor-top-column elementor-element elementor-element-10eeb152\" data-id=\"10eeb152\" data-element_type=\"column\">\n\t\t\t<div class=\"elementor-widget-wrap elementor-element-populated\">\n\t\t\t\t\t\t\t\t<div class=\"elementor-element elementor-element-3f148aa2 elementor-widget elementor-widget-text-editor\" data-id=\"3f148aa2\" data-element_type=\"widget\" data-widget_type=\"text-editor.default\">\n\t\t\t\t<div class=\"elementor-widget-container\">\n\t\t\t<style>\/*! elementor - v3.6.7 - 03-07-2022 *\/\n.elementor-widget-text-editor.elementor-drop-cap-view-stacked .elementor-drop-cap{background-color:#818a91;color:#fff}.elementor-widget-text-editor.elementor-drop-cap-view-framed .elementor-drop-cap{color:#818a91;border:3px solid;background-color:transparent}.elementor-widget-text-editor:not(.elementor-drop-cap-view-default) .elementor-drop-cap{margin-top:8px}.elementor-widget-text-editor:not(.elementor-drop-cap-view-default) .elementor-drop-cap-letter{width:1em;height:1em}.elementor-widget-text-editor .elementor-drop-cap{float:left;text-align:center;line-height:1;font-size:50px}.elementor-widget-text-editor .elementor-drop-cap-letter{display:inline-block}<\/style>\t\t\t\t<!-- wp:paragraph -->\n<p>Ponte en contacto con nuestro equipo para que conozcas nuestros paquetes publicitarios, publireportajes y presencia en El Encuentro, estamos en m\u00e1s de 12 puntos f\u00edsicos en el Valle y llegamos a miles de personas digitalmente cada mes, \u00fanete.<\/p>\n<!-- \/wp:paragraph -->\n\n<!-- wp:separator {\"className\":\"is-style-wide\"} -->\n<h2>\u00a0<\/h2>\n<h2>Formulario de Contacto<\/h2>\n<!-- \/wp:heading -->\n\n<!-- wp:paragraph -->\n<p>Trataremos de ser lo m\u00e1s especificos en lo que necesitas<\/p>\n<!-- \/wp:paragraph -->\n<p><div class=\"wpforms-container wpforms-container-full\" id=\"wpforms-2783\"><form id=\"wpforms-form-2783\" class=\"wpforms-validate wpforms-form\" data-formid=\"2783\" method=\"post\" enctype=\"multipart\/form-data\" action=\"\/index.php\/wp-json\/wp\/v2\/pages\/2771\" data-token=\"459a9208696a588caa2bd8af4364fec3\"><noscript class=\"wpforms-error-noscript\">Por favor, activa JavaScript en tu navegador para completar este formulario.<\/noscript><div class=\"wpforms-field-container\"><div id=\"wpforms-2783-field_1-container\" class=\"wpforms-field wpforms-field-text wpforms-one-half wpforms-first\" data-field-id=\"1\"><label class=\"wpforms-field-label\" for=\"wpforms-2783-field_1\">Nombre y Apellido <span class=\"wpforms-required-label\">*<\/span><\/label><input type=\"text\" id=\"wpforms-2783-field_1\" class=\"wpforms-field-large wpforms-field-required\" name=\"wpforms[fields][1]\" required><\/div><div id=\"wpforms-2783-field_4-container\" class=\"wpforms-field wpforms-field-text wpforms-one-half\" data-field-id=\"4\"><label class=\"wpforms-field-label\" for=\"wpforms-2783-field_4\">Empresa o Instituci\u00f3n <span class=\"wpforms-required-label\">*<\/span><\/label><input type=\"text\" id=\"wpforms-2783-field_4\" class=\"wpforms-field-large wpforms-field-required\" name=\"wpforms[fields][4]\" required><\/div><div id=\"wpforms-2783-field_2-container\" class=\"wpforms-field wpforms-field-email wpforms-one-half wpforms-first\" data-field-id=\"2\"><label class=\"wpforms-field-label\" for=\"wpforms-2783-field_2\">Email <span class=\"wpforms-required-label\">*<\/span><\/label><input type=\"email\" id=\"wpforms-2783-field_2\" class=\"wpforms-field-large wpforms-field-required\" name=\"wpforms[fields][2]\" required><\/div><div id=\"wpforms-2783-field_3-container\" class=\"wpforms-field wpforms-field-phone wpforms-one-half\" data-field-id=\"3\"><label class=\"wpforms-field-label\" for=\"wpforms-2783-field_3\">Tel\u00e9fono <span class=\"wpforms-required-label\">*<\/span><\/label><input type=\"tel\" id=\"wpforms-2783-field_3\" class=\"wpforms-field-large wpforms-field-required\" data-rule-int-phone-field=\"true\" name=\"wpforms[fields][3]\" required><\/div><div id=\"wpforms-2783-field_10-container\" class=\"wpforms-field wpforms-field-textarea\" data-field-id=\"10\"><label class=\"wpforms-field-label\" for=\"wpforms-2783-field_10\">Mensaje<\/label><textarea id=\"wpforms-2783-field_10\" class=\"wpforms-field-medium\" name=\"wpforms[fields][10]\" ><\/textarea><\/div><\/div><div class=\"wpforms-submit-container\" ><input type=\"hidden\" name=\"wpforms[id]\" value=\"2783\"><input type=\"hidden\" name=\"wpforms[author]\" value=\"4\"><button type=\"submit\" name=\"wpforms[submit]\" class=\"wpforms-submit \" id=\"wpforms-submit-2783\" value=\"wpforms-submit\" aria-live=\"assertive\" data-alt-text=\"Enviando...\" data-submit-text=\"Enviar\">Enviar<\/button><\/div><\/form><\/div>  <!-- .wpforms-container --><\/p>\t\t\t\t\t\t<\/div>\n\t\t\t\t<\/div>\n\t\t\t\t<div class=\"elementor-element elementor-element-3e1b636 elementor-widget elementor-widget-text-editor\" data-id=\"3e1b636\" data-element_type=\"widget\" data-widget_type=\"text-editor.default\">\n\t\t\t\t<div class=\"elementor-widget-container\">\n\t\t\t\t\t\t\t<h4 style=\"text-align: center;\">Si deseas ponerte en contacto v\u00eda Whatsapp, da <span style=\"text-decoration: underline;\"><a href=\"https:\/\/walink.co\/d3ff13\" target=\"_blank\">click aqu\u00ed<\/a><\/span>.<\/h4>\t\t\t\t\t\t<\/div>\n\t\t\t\t<\/div>\n\t\t\t\t\t<\/div>\n\t\t<\/div>\n\t\t\t\t\t\t\t<\/div>\n\t\t<\/section>\n\t\t\t\t\t\t\t<\/div>\n\t\t","protected":false},"excerpt":{"rendered":"<p>Ponte en contacto con nuestro equipo para que conozcas nuestros paquetes publicitarios, publireportajes y presencia en El Encuentro, estamos en m\u00e1s de 12 puntos f\u00edsicos en el Valle y llegamos a miles de personas digitalmente cada mes, \u00fanete. Trataremos de ser lo m\u00e1s especificos en lo que necesitas Si deseas ponerte en contacto v\u00eda Whatsapp,<\/p>\n","protected":false},"author":4,"featured_media":0,"parent":0,"menu_order":0,"comment_status":"closed","ping_status":"closed","template":"page-templates\/blocks.php","meta":{"_joinchat":[],"footnotes":""},"class_list":["post-2771","page","type-page","status-publish"],"aioseo_notices":[],"amp_enabled":true,"_links":{"self":[{"href":"https:\/\/elencuentroec.com\/index.php\/wp-json\/wp\/v2\/pages\/2771","targetHints":{"allow":["GET"]}}],"collection":[{"href":"https:\/\/elencuentroec.com\/index.php\/wp-json\/wp\/v2\/pages"}],"about":[{"href":"https:\/\/elencuentroec.com\/index.php\/wp-json\/wp\/v2\/types\/page"}],"author":[{"embeddable":true,"href":"https:\/\/elencuentroec.com\/index.php\/wp-json\/wp\/v2\/users\/4"}],"replies":[{"embeddable":true,"href":"https:\/\/elencuentroec.com\/index.php\/wp-json\/wp\/v2\/comments?post=2771"}],"version-history":[{"count":17,"href":"https:\/\/elencuentroec.com\/index.php\/wp-json\/wp\/v2\/pages\/2771\/revisions"}],"predecessor-version":[{"id":2796,"href":"https:\/\/elencuentroec.com\/index.php\/wp-json\/wp\/v2\/pages\/2771\/revisions\/2796"}],"wp:attachment":[{"href":"https:\/\/elencuentroec.com\/index.php\/wp-json\/wp\/v2\/media?parent=2771"}],"curies":[{"name":"wp","href":"https:\/\/api.w.org\/{rel}","templated":true}]}}